{"id":16015,"date":"2025-11-15T12:55:44","date_gmt":"2025-11-15T12:55:44","guid":{"rendered":"https:\/\/nmsgoellersdorf.ac.at\/wordpress\/?page_id=16015"},"modified":"2025-11-16T13:42:31","modified_gmt":"2025-11-16T13:42:31","slug":"stundentafel","status":"publish","type":"page","link":"https:\/\/nmsgoellersdorf.ac.at\/wordpress\/?page_id=16015","title":{"rendered":"STUNDENTAFEL"},"content":{"rendered":"\n<figure class=\"wp-block-image size-large\"><a href=\"https:\/\/nmsgoellersdorf.ac.at\/wordpress\/wp-content\/uploads\/2025\/11\/image-2.png\"><img loading=\"lazy\" decoding=\"async\" width=\"1024\" height=\"592\" src=\"https:\/\/nmsgoellersdorf.ac.at\/wordpress\/wp-content\/uploads\/2025\/11\/image-2-1024x592.png\" alt=\"\" class=\"wp-image-16019\" srcset=\"https:\/\/nmsgoellersdorf.ac.at\/wordpress\/wp-content\/uploads\/2025\/11\/image-2-1024x592.png 1024w, https:\/\/nmsgoellersdorf.ac.at\/wordpress\/wp-content\/uploads\/2025\/11\/image-2-300x174.png 300w, https:\/\/nmsgoellersdorf.ac.at\/wordpress\/wp-content\/uploads\/2025\/11\/image-2-768x444.png 768w, https:\/\/nmsgoellersdorf.ac.at\/wordpress\/wp-content\/uploads\/2025\/11\/image-2-624x361.png 624w, https:\/\/nmsgoellersdorf.ac.at\/wordpress\/wp-content\/uploads\/2025\/11\/image-2.png 1416w\" sizes=\"auto, (max-width: 1024px) 100vw, 1024px\" \/><\/a><\/figure>\n\n\n\n<p>Sch\u00fclerinnen und Sch\u00fcler des Musikzweigs sind automatisch der a-Klasse zugeordnet. Den orange markierten Feldern k\u00f6nnen die spezifischen Stundenunterschiede des Musikzweigs entnommen werden.<\/p>\n\n\n\n<p><\/p>\n","protected":false},"excerpt":{"rendered":"<p>Sch\u00fclerinnen und Sch\u00fcler des Musikzweigs sind automatisch der a-Klasse zugeordnet. Den orange markierten Feldern k\u00f6nnen die spezifischen Stundenunterschiede des Musikzweigs entnommen werden.<\/p>\n","protected":false},"author":1,"featured_media":0,"parent":20,"menu_order":0,"comment_status":"closed","ping_status":"closed","template":"","meta":{"ngg_post_thumbnail":0,"footnotes":""},"class_list":["post-16015","page","type-page","status-publish","hentry"],"_links":{"self":[{"href":"https:\/\/nmsgoellersdorf.ac.at\/wordpress\/index.php?rest_route=\/wp\/v2\/pages\/16015","targetHints":{"allow":["GET"]}}],"collection":[{"href":"https:\/\/nmsgoellersdorf.ac.at\/wordpress\/index.php?rest_route=\/wp\/v2\/pages"}],"about":[{"href":"https:\/\/nmsgoellersdorf.ac.at\/wordpress\/index.php?rest_route=\/wp\/v2\/types\/page"}],"author":[{"embeddable":true,"href":"https:\/\/nmsgoellersdorf.ac.at\/wordpress\/index.php?rest_route=\/wp\/v2\/users\/1"}],"replies":[{"embeddable":true,"href":"https:\/\/nmsgoellersdorf.ac.at\/wordpress\/index.php?rest_route=%2Fwp%2Fv2%2Fcomments&post=16015"}],"version-history":[{"count":7,"href":"https:\/\/nmsgoellersdorf.ac.at\/wordpress\/index.php?rest_route=\/wp\/v2\/pages\/16015\/revisions"}],"predecessor-version":[{"id":16068,"href":"https:\/\/nmsgoellersdorf.ac.at\/wordpress\/index.php?rest_route=\/wp\/v2\/pages\/16015\/revisions\/16068"}],"up":[{"embeddable":true,"href":"https:\/\/nmsgoellersdorf.ac.at\/wordpress\/index.php?rest_route=\/wp\/v2\/pages\/20"}],"wp:attachment":[{"href":"https:\/\/nmsgoellersdorf.ac.at\/wordpress\/index.php?rest_route=%2Fwp%2Fv2%2Fmedia&parent=16015"}],"curies":[{"name":"wp","href":"https:\/\/api.w.org\/{rel}","templated":true}]}}