{"id":1555,"date":"2015-03-13T11:35:34","date_gmt":"2015-03-13T11:35:34","guid":{"rendered":"http:\/\/nmsgoellersdorf.ac.at\/wordpress\/?page_id=1555"},"modified":"2026-01-27T10:35:22","modified_gmt":"2026-01-27T10:35:22","slug":"sponsoren","status":"publish","type":"page","link":"https:\/\/nmsgoellersdorf.ac.at\/wordpress\/?page_id=1555","title":{"rendered":"SPONSOREN"},"content":{"rendered":"\n<div class=\"wp-block-media-text alignwide\" style=\"grid-template-columns:36% auto\"><figure class=\"wp-block-media-text__media\"><img loading=\"lazy\" decoding=\"async\" width=\"856\" height=\"490\" src=\"https:\/\/nmsgoellersdorf.ac.at\/wordpress\/wp-content\/uploads\/2022\/09\/Oesterreichische-Schulsporthilfe.jpg\" alt=\"\" class=\"wp-image-13176 size-full\" srcset=\"https:\/\/nmsgoellersdorf.ac.at\/wordpress\/wp-content\/uploads\/2022\/09\/Oesterreichische-Schulsporthilfe.jpg 856w, https:\/\/nmsgoellersdorf.ac.at\/wordpress\/wp-content\/uploads\/2022\/09\/Oesterreichische-Schulsporthilfe-300x172.jpg 300w, https:\/\/nmsgoellersdorf.ac.at\/wordpress\/wp-content\/uploads\/2022\/09\/Oesterreichische-Schulsporthilfe-768x440.jpg 768w, https:\/\/nmsgoellersdorf.ac.at\/wordpress\/wp-content\/uploads\/2022\/09\/Oesterreichische-Schulsporthilfe-624x357.jpg 624w\" sizes=\"auto, (max-width: 856px) 100vw, 856px\" \/><\/figure><div class=\"wp-block-media-text__content\">\n<p>Wir bedanken uns ganz herzlich bei den <strong>Sponsoren <\/strong>der regionalen Wirtschaft, die&nbsp; in Zusammenarbeit mit der <strong>\u00d6STERREICHISCHEN SCHULSPORTHILFE\u00ae <\/strong>auch heuer den Ankauf einiger Sportger\u00e4te erm\u00f6glicht haben. <strong>Danke f\u00fcr das gro\u00dfe Engagement!<\/strong><\/p>\n<\/div><\/div>\n\n\n\n<figure class=\"wp-block-image size-large\"><a href=\"https:\/\/nmsgoellersdorf.ac.at\/wordpress\/wp-content\/uploads\/2026\/01\/image-1.png\"><img loading=\"lazy\" decoding=\"async\" width=\"1024\" height=\"721\" src=\"https:\/\/nmsgoellersdorf.ac.at\/wordpress\/wp-content\/uploads\/2026\/01\/image-1-1024x721.png\" alt=\"\" class=\"wp-image-16229\" srcset=\"https:\/\/nmsgoellersdorf.ac.at\/wordpress\/wp-content\/uploads\/2026\/01\/image-1-1024x721.png 1024w, https:\/\/nmsgoellersdorf.ac.at\/wordpress\/wp-content\/uploads\/2026\/01\/image-1-300x211.png 300w, https:\/\/nmsgoellersdorf.ac.at\/wordpress\/wp-content\/uploads\/2026\/01\/image-1-768x541.png 768w, https:\/\/nmsgoellersdorf.ac.at\/wordpress\/wp-content\/uploads\/2026\/01\/image-1-624x440.png 624w, https:\/\/nmsgoellersdorf.ac.at\/wordpress\/wp-content\/uploads\/2026\/01\/image-1.png 1174w\" sizes=\"auto, (max-width: 1024px) 100vw, 1024px\" \/><\/a><\/figure>\n\n\n\n<figure class=\"wp-block-image size-large\"><a href=\"https:\/\/nmsgoellersdorf.ac.at\/wordpress\/wp-content\/uploads\/2026\/01\/image-2.png\"><img loading=\"lazy\" decoding=\"async\" width=\"1024\" height=\"722\" src=\"https:\/\/nmsgoellersdorf.ac.at\/wordpress\/wp-content\/uploads\/2026\/01\/image-2-1024x722.png\" alt=\"\" class=\"wp-image-16230\" srcset=\"https:\/\/nmsgoellersdorf.ac.at\/wordpress\/wp-content\/uploads\/2026\/01\/image-2-1024x722.png 1024w, https:\/\/nmsgoellersdorf.ac.at\/wordpress\/wp-content\/uploads\/2026\/01\/image-2-300x211.png 300w, https:\/\/nmsgoellersdorf.ac.at\/wordpress\/wp-content\/uploads\/2026\/01\/image-2-768x541.png 768w, https:\/\/nmsgoellersdorf.ac.at\/wordpress\/wp-content\/uploads\/2026\/01\/image-2-624x440.png 624w, https:\/\/nmsgoellersdorf.ac.at\/wordpress\/wp-content\/uploads\/2026\/01\/image-2.png 1176w\" sizes=\"auto, (max-width: 1024px) 100vw, 1024px\" \/><\/a><\/figure>\n\n\n\n<figure class=\"wp-block-image size-large\"><a href=\"https:\/\/nmsgoellersdorf.ac.at\/wordpress\/wp-content\/uploads\/2026\/01\/image-3.png\"><img loading=\"lazy\" decoding=\"async\" width=\"1024\" height=\"722\" src=\"https:\/\/nmsgoellersdorf.ac.at\/wordpress\/wp-content\/uploads\/2026\/01\/image-3-1024x722.png\" alt=\"\" class=\"wp-image-16231\" srcset=\"https:\/\/nmsgoellersdorf.ac.at\/wordpress\/wp-content\/uploads\/2026\/01\/image-3-1024x722.png 1024w, https:\/\/nmsgoellersdorf.ac.at\/wordpress\/wp-content\/uploads\/2026\/01\/image-3-300x211.png 300w, https:\/\/nmsgoellersdorf.ac.at\/wordpress\/wp-content\/uploads\/2026\/01\/image-3-768x541.png 768w, https:\/\/nmsgoellersdorf.ac.at\/wordpress\/wp-content\/uploads\/2026\/01\/image-3-624x440.png 624w, https:\/\/nmsgoellersdorf.ac.at\/wordpress\/wp-content\/uploads\/2026\/01\/image-3.png 1175w\" sizes=\"auto, (max-width: 1024px) 100vw, 1024px\" \/><\/a><\/figure>\n","protected":false},"excerpt":{"rendered":"<p>Wir bedanken uns ganz herzlich bei den Sponsoren der regionalen Wirtschaft, die&nbsp; in Zusammenarbeit mit der \u00d6STERREICHISCHEN SCHULSPORTHILFE\u00ae auch heuer den Ankauf einiger Sportger\u00e4te erm\u00f6glicht haben. Danke f\u00fcr das gro\u00dfe Engagement!<\/p>\n","protected":false},"author":1,"featured_media":0,"parent":20,"menu_order":0,"comment_status":"closed","ping_status":"closed","template":"","meta":{"ngg_post_thumbnail":0,"footnotes":""},"class_list":["post-1555","page","type-page","status-publish","hentry"],"_links":{"self":[{"href":"https:\/\/nmsgoellersdorf.ac.at\/wordpress\/index.php?rest_route=\/wp\/v2\/pages\/1555","targetHints":{"allow":["GET"]}}],"collection":[{"href":"https:\/\/nmsgoellersdorf.ac.at\/wordpress\/index.php?rest_route=\/wp\/v2\/pages"}],"about":[{"href":"https:\/\/nmsgoellersdorf.ac.at\/wordpress\/index.php?rest_route=\/wp\/v2\/types\/page"}],"author":[{"embeddable":true,"href":"https:\/\/nmsgoellersdorf.ac.at\/wordpress\/index.php?rest_route=\/wp\/v2\/users\/1"}],"replies":[{"embeddable":true,"href":"https:\/\/nmsgoellersdorf.ac.at\/wordpress\/index.php?rest_route=%2Fwp%2Fv2%2Fcomments&post=1555"}],"version-history":[{"count":25,"href":"https:\/\/nmsgoellersdorf.ac.at\/wordpress\/index.php?rest_route=\/wp\/v2\/pages\/1555\/revisions"}],"predecessor-version":[{"id":16232,"href":"https:\/\/nmsgoellersdorf.ac.at\/wordpress\/index.php?rest_route=\/wp\/v2\/pages\/1555\/revisions\/16232"}],"up":[{"embeddable":true,"href":"https:\/\/nmsgoellersdorf.ac.at\/wordpress\/index.php?rest_route=\/wp\/v2\/pages\/20"}],"wp:attachment":[{"href":"https:\/\/nmsgoellersdorf.ac.at\/wordpress\/index.php?rest_route=%2Fwp%2Fv2%2Fmedia&parent=1555"}],"curies":[{"name":"wp","href":"https:\/\/api.w.org\/{rel}","templated":true}]}}