{"id":15189,"date":"2024-09-15T12:59:17","date_gmt":"2024-09-15T12:59:17","guid":{"rendered":"https:\/\/nmsgoellersdorf.ac.at\/wordpress\/?page_id=15189"},"modified":"2024-09-15T13:01:54","modified_gmt":"2024-09-15T13:01:54","slug":"firma-hammerschmied","status":"publish","type":"page","link":"https:\/\/nmsgoellersdorf.ac.at\/wordpress\/?page_id=15189","title":{"rendered":"Firma Hammerschmied"},"content":{"rendered":"\n<p>Im Juni besuchten die 3.Klassen im Zuge der Berufsorientierung die Firma Hammerschmied in G\u00f6llersdorf. Bei einer interessanten F\u00fchrung durch den Betrieb sahen wir viele gro\u00dfe landwirtschaftliche Fahrzeuge und bekamen Informationen \u00fcber den Lehrberuf des Landmaschinentechnikers.<\/p>\n\n\n\nngg_shortcode_0_placeholder\n\n\n\n<p><br><br><\/p>\n","protected":false},"excerpt":{"rendered":"<p>Im Juni besuchten die 3.Klassen im Zuge der Berufsorientierung die Firma Hammerschmied in G\u00f6llersdorf. Bei einer interessanten F\u00fchrung durch den Betrieb sahen wir viele gro\u00dfe landwirtschaftliche Fahrzeuge und bekamen Informationen \u00fcber den Lehrberuf des Landmaschinentechnikers.<\/p>\n","protected":false},"author":1,"featured_media":0,"parent":14275,"menu_order":0,"comment_status":"closed","ping_status":"closed","template":"","meta":{"ngg_post_thumbnail":0,"footnotes":""},"class_list":["post-15189","page","type-page","status-publish","hentry"],"_links":{"self":[{"href":"https:\/\/nmsgoellersdorf.ac.at\/wordpress\/index.php?rest_route=\/wp\/v2\/pages\/15189","targetHints":{"allow":["GET"]}}],"collection":[{"href":"https:\/\/nmsgoellersdorf.ac.at\/wordpress\/index.php?rest_route=\/wp\/v2\/pages"}],"about":[{"href":"https:\/\/nmsgoellersdorf.ac.at\/wordpress\/index.php?rest_route=\/wp\/v2\/types\/page"}],"author":[{"embeddable":true,"href":"https:\/\/nmsgoellersdorf.ac.at\/wordpress\/index.php?rest_route=\/wp\/v2\/users\/1"}],"replies":[{"embeddable":true,"href":"https:\/\/nmsgoellersdorf.ac.at\/wordpress\/index.php?rest_route=%2Fwp%2Fv2%2Fcomments&post=15189"}],"version-history":[{"count":2,"href":"https:\/\/nmsgoellersdorf.ac.at\/wordpress\/index.php?rest_route=\/wp\/v2\/pages\/15189\/revisions"}],"predecessor-version":[{"id":15197,"href":"https:\/\/nmsgoellersdorf.ac.at\/wordpress\/index.php?rest_route=\/wp\/v2\/pages\/15189\/revisions\/15197"}],"up":[{"embeddable":true,"href":"https:\/\/nmsgoellersdorf.ac.at\/wordpress\/index.php?rest_route=\/wp\/v2\/pages\/14275"}],"wp:attachment":[{"href":"https:\/\/nmsgoellersdorf.ac.at\/wordpress\/index.php?rest_route=%2Fwp%2Fv2%2Fmedia&parent=15189"}],"curies":[{"name":"wp","href":"https:\/\/api.w.org\/{rel}","templated":true}]}}