{"id":14911,"date":"2024-05-28T11:39:37","date_gmt":"2024-05-28T11:39:37","guid":{"rendered":"https:\/\/nmsgoellersdorf.ac.at\/wordpress\/?page_id=14911"},"modified":"2024-05-28T11:44:36","modified_gmt":"2024-05-28T11:44:36","slug":"flurreinigung","status":"publish","type":"page","link":"https:\/\/nmsgoellersdorf.ac.at\/wordpress\/?page_id=14911","title":{"rendered":"Flurreinigung"},"content":{"rendered":"\n<p>Wir halten G\u00f6llersdorf sauber!<br>Unter diesem Motto haben wir uns am Freitag, den 24. Mai 2024, auf den Weg gemacht, um G\u00f6llersdorf zu reinigen. Mit dieser Aktion soll nicht nur die Gemeinde sauber gehalten, sondern auch ein Bewusstsein f\u00fcr Umwelt, Natur und M\u00fcllvermeidung geschaffen werden.<\/p>\n\n\n\nngg_shortcode_0_placeholder\n","protected":false},"excerpt":{"rendered":"<p>Wir halten G\u00f6llersdorf sauber!Unter diesem Motto haben wir uns am Freitag, den 24. Mai 2024, auf den Weg gemacht, um G\u00f6llersdorf zu reinigen. Mit dieser Aktion soll nicht nur die Gemeinde sauber gehalten, sondern auch ein Bewusstsein f\u00fcr Umwelt, Natur und M\u00fcllvermeidung geschaffen werden.<\/p>\n","protected":false},"author":1,"featured_media":0,"parent":14275,"menu_order":0,"comment_status":"closed","ping_status":"closed","template":"","meta":{"ngg_post_thumbnail":0,"footnotes":""},"class_list":["post-14911","page","type-page","status-publish","hentry"],"_links":{"self":[{"href":"https:\/\/nmsgoellersdorf.ac.at\/wordpress\/index.php?rest_route=\/wp\/v2\/pages\/14911","targetHints":{"allow":["GET"]}}],"collection":[{"href":"https:\/\/nmsgoellersdorf.ac.at\/wordpress\/index.php?rest_route=\/wp\/v2\/pages"}],"about":[{"href":"https:\/\/nmsgoellersdorf.ac.at\/wordpress\/index.php?rest_route=\/wp\/v2\/types\/page"}],"author":[{"embeddable":true,"href":"https:\/\/nmsgoellersdorf.ac.at\/wordpress\/index.php?rest_route=\/wp\/v2\/users\/1"}],"replies":[{"embeddable":true,"href":"https:\/\/nmsgoellersdorf.ac.at\/wordpress\/index.php?rest_route=%2Fwp%2Fv2%2Fcomments&post=14911"}],"version-history":[{"count":1,"href":"https:\/\/nmsgoellersdorf.ac.at\/wordpress\/index.php?rest_route=\/wp\/v2\/pages\/14911\/revisions"}],"predecessor-version":[{"id":14920,"href":"https:\/\/nmsgoellersdorf.ac.at\/wordpress\/index.php?rest_route=\/wp\/v2\/pages\/14911\/revisions\/14920"}],"up":[{"embeddable":true,"href":"https:\/\/nmsgoellersdorf.ac.at\/wordpress\/index.php?rest_route=\/wp\/v2\/pages\/14275"}],"wp:attachment":[{"href":"https:\/\/nmsgoellersdorf.ac.at\/wordpress\/index.php?rest_route=%2Fwp%2Fv2%2Fmedia&parent=14911"}],"curies":[{"name":"wp","href":"https:\/\/api.w.org\/{rel}","templated":true}]}}