{"id":14606,"date":"2023-12-07T13:11:32","date_gmt":"2023-12-07T13:11:32","guid":{"rendered":"https:\/\/nmsgoellersdorf.ac.at\/wordpress\/?page_id=14606"},"modified":"2023-12-07T13:16:04","modified_gmt":"2023-12-07T13:16:04","slug":"motorikpark","status":"publish","type":"page","link":"https:\/\/nmsgoellersdorf.ac.at\/wordpress\/?page_id=14606","title":{"rendered":"Motorikpark"},"content":{"rendered":"\n<p>Am 20.11. ging es f\u00fcr die 1a und 1b nach Hollabrunn in den Motorikpark. Die Kinder konnten sich austoben und spielerisch ihre Ausdauer, Koordination und Geschicklichkeit trainieren. An diesem Vormittag hatten die Sch\u00fclerinnen und Sch\u00fcler sichtlich viel Spa\u00df an der Bewegung an der frischen Luft.<\/p>\n\n\n\nngg_shortcode_0_placeholder\n","protected":false},"excerpt":{"rendered":"<p>Am 20.11. ging es f\u00fcr die 1a und 1b nach Hollabrunn in den Motorikpark. Die Kinder konnten sich austoben und spielerisch ihre Ausdauer, Koordination und Geschicklichkeit trainieren. An diesem Vormittag hatten die Sch\u00fclerinnen und Sch\u00fcler sichtlich viel Spa\u00df an der Bewegung an der frischen Luft.<\/p>\n","protected":false},"author":1,"featured_media":0,"parent":14275,"menu_order":0,"comment_status":"closed","ping_status":"closed","template":"","meta":{"ngg_post_thumbnail":0,"footnotes":""},"class_list":["post-14606","page","type-page","status-publish","hentry"],"_links":{"self":[{"href":"https:\/\/nmsgoellersdorf.ac.at\/wordpress\/index.php?rest_route=\/wp\/v2\/pages\/14606","targetHints":{"allow":["GET"]}}],"collection":[{"href":"https:\/\/nmsgoellersdorf.ac.at\/wordpress\/index.php?rest_route=\/wp\/v2\/pages"}],"about":[{"href":"https:\/\/nmsgoellersdorf.ac.at\/wordpress\/index.php?rest_route=\/wp\/v2\/types\/page"}],"author":[{"embeddable":true,"href":"https:\/\/nmsgoellersdorf.ac.at\/wordpress\/index.php?rest_route=\/wp\/v2\/users\/1"}],"replies":[{"embeddable":true,"href":"https:\/\/nmsgoellersdorf.ac.at\/wordpress\/index.php?rest_route=%2Fwp%2Fv2%2Fcomments&post=14606"}],"version-history":[{"count":1,"href":"https:\/\/nmsgoellersdorf.ac.at\/wordpress\/index.php?rest_route=\/wp\/v2\/pages\/14606\/revisions"}],"predecessor-version":[{"id":14607,"href":"https:\/\/nmsgoellersdorf.ac.at\/wordpress\/index.php?rest_route=\/wp\/v2\/pages\/14606\/revisions\/14607"}],"up":[{"embeddable":true,"href":"https:\/\/nmsgoellersdorf.ac.at\/wordpress\/index.php?rest_route=\/wp\/v2\/pages\/14275"}],"wp:attachment":[{"href":"https:\/\/nmsgoellersdorf.ac.at\/wordpress\/index.php?rest_route=%2Fwp%2Fv2%2Fmedia&parent=14606"}],"curies":[{"name":"wp","href":"https:\/\/api.w.org\/{rel}","templated":true}]}}