{"id":1455,"date":"2014-11-24T13:49:15","date_gmt":"2014-11-24T13:49:15","guid":{"rendered":"http:\/\/nmsgoellersdorf.ac.at\/wordpress\/?page_id=1455"},"modified":"2025-11-15T12:16:41","modified_gmt":"2025-11-15T12:16:41","slug":"elternverein","status":"publish","type":"page","link":"https:\/\/nmsgoellersdorf.ac.at\/wordpress\/?page_id=1455","title":{"rendered":"ELTERNVEREIN"},"content":{"rendered":"<p><strong>Wie schon in den letzten Jahren, unterst\u00fctzte uns auch im vergangenen Schuljahr 2024\/25 der Elternverein tatkr\u00e4ftig.<\/strong><\/p>\n<p><strong>Daf\u00fcr bedanken wir uns ganz herzlich!<\/strong><\/p>\n<ul>\n<li>\u00dcbernahme Buskosten f\u00fcr diverse Schulveranstaltungen<\/li>\n<li>Finanzielle Unterst\u00fctzung der Klassenkassen<\/li>\n<li>Ankauf Tischtennistisch Schulhof<\/li>\n<li>Mitfinanzierung Tischkicker f\u00fcr den Innenraum<\/li>\n<li>Ankauf Geschirr Schulk\u00fcche<\/li>\n<li>Faschingskrapfen<\/li>\n<li>Mithilfe bei Durchf\u00fchrung diverser Schulveranstaltungen sowie finanzielle Unterst\u00fctzung&nbsp;<\/li>\n<\/ul>\n","protected":false},"excerpt":{"rendered":"<p>Wie schon in den letzten Jahren, unterst\u00fctzte uns auch im vergangenen Schuljahr 2024\/25 der Elternverein tatkr\u00e4ftig. Daf\u00fcr bedanken wir uns ganz herzlich! \u00dcbernahme Buskosten f\u00fcr diverse Schulveranstaltungen Finanzielle Unterst\u00fctzung der Klassenkassen Ankauf Tischtennistisch Schulhof Mitfinanzierung Tischkicker f\u00fcr den Innenraum Ankauf Geschirr Schulk\u00fcche Faschingskrapfen Mithilfe bei Durchf\u00fchrung diverser Schulveranstaltungen sowie finanzielle Unterst\u00fctzung&nbsp;<\/p>\n","protected":false},"author":1,"featured_media":0,"parent":20,"menu_order":0,"comment_status":"closed","ping_status":"closed","template":"","meta":{"ngg_post_thumbnail":0,"footnotes":""},"class_list":["post-1455","page","type-page","status-publish","hentry"],"_links":{"self":[{"href":"https:\/\/nmsgoellersdorf.ac.at\/wordpress\/index.php?rest_route=\/wp\/v2\/pages\/1455","targetHints":{"allow":["GET"]}}],"collection":[{"href":"https:\/\/nmsgoellersdorf.ac.at\/wordpress\/index.php?rest_route=\/wp\/v2\/pages"}],"about":[{"href":"https:\/\/nmsgoellersdorf.ac.at\/wordpress\/index.php?rest_route=\/wp\/v2\/types\/page"}],"author":[{"embeddable":true,"href":"https:\/\/nmsgoellersdorf.ac.at\/wordpress\/index.php?rest_route=\/wp\/v2\/users\/1"}],"replies":[{"embeddable":true,"href":"https:\/\/nmsgoellersdorf.ac.at\/wordpress\/index.php?rest_route=%2Fwp%2Fv2%2Fcomments&post=1455"}],"version-history":[{"count":6,"href":"https:\/\/nmsgoellersdorf.ac.at\/wordpress\/index.php?rest_route=\/wp\/v2\/pages\/1455\/revisions"}],"predecessor-version":[{"id":16004,"href":"https:\/\/nmsgoellersdorf.ac.at\/wordpress\/index.php?rest_route=\/wp\/v2\/pages\/1455\/revisions\/16004"}],"up":[{"embeddable":true,"href":"https:\/\/nmsgoellersdorf.ac.at\/wordpress\/index.php?rest_route=\/wp\/v2\/pages\/20"}],"wp:attachment":[{"href":"https:\/\/nmsgoellersdorf.ac.at\/wordpress\/index.php?rest_route=%2Fwp%2Fv2%2Fmedia&parent=1455"}],"curies":[{"name":"wp","href":"https:\/\/api.w.org\/{rel}","templated":true}]}}