{"id":14359,"date":"2023-10-09T11:19:36","date_gmt":"2023-10-09T11:19:36","guid":{"rendered":"https:\/\/nmsgoellersdorf.ac.at\/wordpress\/?page_id=14359"},"modified":"2023-10-09T11:30:37","modified_gmt":"2023-10-09T11:30:37","slug":"tag-der-offenen-tuer","status":"publish","type":"page","link":"https:\/\/nmsgoellersdorf.ac.at\/wordpress\/?page_id=14359","title":{"rendered":"Tag der offenen T\u00fcr"},"content":{"rendered":"\n<p>Am Freitag, den 6. Oktober konnten interessierte Eltern mit Ihren Kindern unsere Schule besuchen. Von den Sch\u00fclerinnen und Sch\u00fclern der 4.Klassen wurden die Familien durchs Schulhaus begleitet.<br>Hier ein paar Eindr\u00fccke von diesem spannenden Nachmittag \u2026<\/p>\n\n\n\nngg_shortcode_0_placeholder\n","protected":false},"excerpt":{"rendered":"<p>Am Freitag, den 6. Oktober konnten interessierte Eltern mit Ihren Kindern unsere Schule besuchen. Von den Sch\u00fclerinnen und Sch\u00fclern der 4.Klassen wurden die Familien durchs Schulhaus begleitet.Hier ein paar Eindr\u00fccke von diesem spannenden Nachmittag \u2026<\/p>\n","protected":false},"author":1,"featured_media":0,"parent":14275,"menu_order":0,"comment_status":"closed","ping_status":"closed","template":"","meta":{"ngg_post_thumbnail":0,"footnotes":""},"class_list":["post-14359","page","type-page","status-publish","hentry"],"_links":{"self":[{"href":"https:\/\/nmsgoellersdorf.ac.at\/wordpress\/index.php?rest_route=\/wp\/v2\/pages\/14359","targetHints":{"allow":["GET"]}}],"collection":[{"href":"https:\/\/nmsgoellersdorf.ac.at\/wordpress\/index.php?rest_route=\/wp\/v2\/pages"}],"about":[{"href":"https:\/\/nmsgoellersdorf.ac.at\/wordpress\/index.php?rest_route=\/wp\/v2\/types\/page"}],"author":[{"embeddable":true,"href":"https:\/\/nmsgoellersdorf.ac.at\/wordpress\/index.php?rest_route=\/wp\/v2\/users\/1"}],"replies":[{"embeddable":true,"href":"https:\/\/nmsgoellersdorf.ac.at\/wordpress\/index.php?rest_route=%2Fwp%2Fv2%2Fcomments&post=14359"}],"version-history":[{"count":1,"href":"https:\/\/nmsgoellersdorf.ac.at\/wordpress\/index.php?rest_route=\/wp\/v2\/pages\/14359\/revisions"}],"predecessor-version":[{"id":14381,"href":"https:\/\/nmsgoellersdorf.ac.at\/wordpress\/index.php?rest_route=\/wp\/v2\/pages\/14359\/revisions\/14381"}],"up":[{"embeddable":true,"href":"https:\/\/nmsgoellersdorf.ac.at\/wordpress\/index.php?rest_route=\/wp\/v2\/pages\/14275"}],"wp:attachment":[{"href":"https:\/\/nmsgoellersdorf.ac.at\/wordpress\/index.php?rest_route=%2Fwp%2Fv2%2Fmedia&parent=14359"}],"curies":[{"name":"wp","href":"https:\/\/api.w.org\/{rel}","templated":true}]}}