{"id":14202,"date":"2023-07-05T09:12:26","date_gmt":"2023-07-05T09:12:26","guid":{"rendered":"https:\/\/nmsgoellersdorf.ac.at\/wordpress\/?page_id=14202"},"modified":"2023-07-05T09:21:02","modified_gmt":"2023-07-05T09:21:02","slug":"abschlussfest-der-4-klassen","status":"publish","type":"page","link":"https:\/\/nmsgoellersdorf.ac.at\/wordpress\/?page_id=14202","title":{"rendered":"Abschlussfest der 4.Klassen"},"content":{"rendered":"\n<p>Zum Abschied der 4. Klassen gab es ein gro\u00dfes Fest f\u00fcr Kinder, Eltern und Lehrer. Die Sch\u00fclerinnen der Musikklasse f\u00fchrten ihr Musical auf, welches sie im Laufe des Schuljahres mit Unterst\u00fctzung von Frau FL Heichinger selbst geschrieben haben. Die Klassenvorst\u00e4nde der beiden 4.Klassen verabschiedeten sich emotional mit einer selbst erstellten &#8222;Netflix Serie&#8220; &#8211; die Schullaufbahn in 4 Staffeln &#8211; von ihren Sch\u00fclerinnen und Sch\u00fclern.  <br>Im Anschluss daran bedankten sich die beiden Abschlussklassen mit netten Worten und kleinen Geschenken bei den Lehrkr\u00e4ften.<\/p>\n\n\n\n<p>Der Elternverein sorgte beim anschlie\u00dfenden gem\u00fctlichen Beisammensein f\u00fcr Speis und Trank w\u00e4hrend sich die Jugendlichen in der Turnsaal-Disco vergn\u00fcgten.<\/p>\n\n\n\nngg_shortcode_0_placeholder\n","protected":false},"excerpt":{"rendered":"<p>Zum Abschied der 4. Klassen gab es ein gro\u00dfes Fest f\u00fcr Kinder, Eltern und Lehrer. Die Sch\u00fclerinnen der Musikklasse f\u00fchrten ihr Musical auf, welches sie im Laufe des Schuljahres mit Unterst\u00fctzung von Frau FL Heichinger selbst geschrieben haben. Die Klassenvorst\u00e4nde der beiden 4.Klassen verabschiedeten sich emotional mit einer selbst erstellten &#8222;Netflix Serie&#8220; &#8211; die Schullaufbahn [&hellip;]<\/p>\n","protected":false},"author":1,"featured_media":0,"parent":13232,"menu_order":0,"comment_status":"closed","ping_status":"closed","template":"","meta":{"ngg_post_thumbnail":0,"footnotes":""},"class_list":["post-14202","page","type-page","status-publish","hentry"],"_links":{"self":[{"href":"https:\/\/nmsgoellersdorf.ac.at\/wordpress\/index.php?rest_route=\/wp\/v2\/pages\/14202","targetHints":{"allow":["GET"]}}],"collection":[{"href":"https:\/\/nmsgoellersdorf.ac.at\/wordpress\/index.php?rest_route=\/wp\/v2\/pages"}],"about":[{"href":"https:\/\/nmsgoellersdorf.ac.at\/wordpress\/index.php?rest_route=\/wp\/v2\/types\/page"}],"author":[{"embeddable":true,"href":"https:\/\/nmsgoellersdorf.ac.at\/wordpress\/index.php?rest_route=\/wp\/v2\/users\/1"}],"replies":[{"embeddable":true,"href":"https:\/\/nmsgoellersdorf.ac.at\/wordpress\/index.php?rest_route=%2Fwp%2Fv2%2Fcomments&post=14202"}],"version-history":[{"count":2,"href":"https:\/\/nmsgoellersdorf.ac.at\/wordpress\/index.php?rest_route=\/wp\/v2\/pages\/14202\/revisions"}],"predecessor-version":[{"id":14215,"href":"https:\/\/nmsgoellersdorf.ac.at\/wordpress\/index.php?rest_route=\/wp\/v2\/pages\/14202\/revisions\/14215"}],"up":[{"embeddable":true,"href":"https:\/\/nmsgoellersdorf.ac.at\/wordpress\/index.php?rest_route=\/wp\/v2\/pages\/13232"}],"wp:attachment":[{"href":"https:\/\/nmsgoellersdorf.ac.at\/wordpress\/index.php?rest_route=%2Fwp%2Fv2%2Fmedia&parent=14202"}],"curies":[{"name":"wp","href":"https:\/\/api.w.org\/{rel}","templated":true}]}}