{"id":14172,"date":"2023-07-05T08:35:33","date_gmt":"2023-07-05T08:35:33","guid":{"rendered":"https:\/\/nmsgoellersdorf.ac.at\/wordpress\/?page_id=14172"},"modified":"2023-07-05T08:47:34","modified_gmt":"2023-07-05T08:47:34","slug":"sporttag-2023","status":"publish","type":"page","link":"https:\/\/nmsgoellersdorf.ac.at\/wordpress\/?page_id=14172","title":{"rendered":"Sporttag 2023"},"content":{"rendered":"\n<p>In der letzten Schulwoche veranstalteten wir unseren j\u00e4hrlichen Sporttag. An zahlreichen Stationen k\u00f6nnen die Kinder ihr sportliches Geschick unter Beweis stellen. Zum Schluss werden die 3 besten Teams belohnt. <\/p>\n\n\n\n<p>In der Pause gab es heuer f\u00fcr alle Sch\u00fclerinnen und Sch\u00fcler gesunde Snacks mit Obst, Gem\u00fcse und Joghurt.<\/p>\n\n\n\nngg_shortcode_0_placeholder\n","protected":false},"excerpt":{"rendered":"<p>In der letzten Schulwoche veranstalteten wir unseren j\u00e4hrlichen Sporttag. An zahlreichen Stationen k\u00f6nnen die Kinder ihr sportliches Geschick unter Beweis stellen. Zum Schluss werden die 3 besten Teams belohnt. In der Pause gab es heuer f\u00fcr alle Sch\u00fclerinnen und Sch\u00fcler gesunde Snacks mit Obst, Gem\u00fcse und Joghurt.<\/p>\n","protected":false},"author":1,"featured_media":0,"parent":13232,"menu_order":0,"comment_status":"closed","ping_status":"closed","template":"","meta":{"ngg_post_thumbnail":0,"footnotes":""},"class_list":["post-14172","page","type-page","status-publish","hentry"],"_links":{"self":[{"href":"https:\/\/nmsgoellersdorf.ac.at\/wordpress\/index.php?rest_route=\/wp\/v2\/pages\/14172","targetHints":{"allow":["GET"]}}],"collection":[{"href":"https:\/\/nmsgoellersdorf.ac.at\/wordpress\/index.php?rest_route=\/wp\/v2\/pages"}],"about":[{"href":"https:\/\/nmsgoellersdorf.ac.at\/wordpress\/index.php?rest_route=\/wp\/v2\/types\/page"}],"author":[{"embeddable":true,"href":"https:\/\/nmsgoellersdorf.ac.at\/wordpress\/index.php?rest_route=\/wp\/v2\/users\/1"}],"replies":[{"embeddable":true,"href":"https:\/\/nmsgoellersdorf.ac.at\/wordpress\/index.php?rest_route=%2Fwp%2Fv2%2Fcomments&post=14172"}],"version-history":[{"count":2,"href":"https:\/\/nmsgoellersdorf.ac.at\/wordpress\/index.php?rest_route=\/wp\/v2\/pages\/14172\/revisions"}],"predecessor-version":[{"id":14197,"href":"https:\/\/nmsgoellersdorf.ac.at\/wordpress\/index.php?rest_route=\/wp\/v2\/pages\/14172\/revisions\/14197"}],"up":[{"embeddable":true,"href":"https:\/\/nmsgoellersdorf.ac.at\/wordpress\/index.php?rest_route=\/wp\/v2\/pages\/13232"}],"wp:attachment":[{"href":"https:\/\/nmsgoellersdorf.ac.at\/wordpress\/index.php?rest_route=%2Fwp%2Fv2%2Fmedia&parent=14172"}],"curies":[{"name":"wp","href":"https:\/\/api.w.org\/{rel}","templated":true}]}}