{"id":13914,"date":"2023-06-26T14:32:54","date_gmt":"2023-06-26T14:32:54","guid":{"rendered":"https:\/\/nmsgoellersdorf.ac.at\/wordpress\/?page_id=13914"},"modified":"2023-06-26T20:03:56","modified_gmt":"2023-06-26T20:03:56","slug":"dancin-schools","status":"publish","type":"page","link":"https:\/\/nmsgoellersdorf.ac.at\/wordpress\/?page_id=13914","title":{"rendered":"Danc&#8217;in Schools"},"content":{"rendered":"\n<p>Das Projekt &#8222;Danc&#8217;in Schools&#8220; brachte auch heuer wieder eine Woche lang Streetdance an unsere Schule. Alle Klassen trainierten t\u00e4glich und studierten jeweils 2 T\u00e4nze f\u00fcr das Abschlusskonzert ein, welches im Rahmen unseres Schulfestes stattfand.<br>Alle T\u00e4nzerinnen und T\u00e4nzer waren mit Begeisterung dabei und machten das Konzert zu einem gelungen Abschluss der Danc&#8217;in Schools &#8211; Woche. <\/p>\n\n\n\n<p> <\/p>\n\n\n\nngg_shortcode_0_placeholder\n","protected":false},"excerpt":{"rendered":"<p>Das Projekt &#8222;Danc&#8217;in Schools&#8220; brachte auch heuer wieder eine Woche lang Streetdance an unsere Schule. Alle Klassen trainierten t\u00e4glich und studierten jeweils 2 T\u00e4nze f\u00fcr das Abschlusskonzert ein, welches im Rahmen unseres Schulfestes stattfand.Alle T\u00e4nzerinnen und T\u00e4nzer waren mit Begeisterung dabei und machten das Konzert zu einem gelungen Abschluss der Danc&#8217;in Schools &#8211; Woche.<\/p>\n","protected":false},"author":1,"featured_media":0,"parent":13232,"menu_order":0,"comment_status":"closed","ping_status":"closed","template":"","meta":{"ngg_post_thumbnail":0,"footnotes":""},"class_list":["post-13914","page","type-page","status-publish","hentry"],"_links":{"self":[{"href":"https:\/\/nmsgoellersdorf.ac.at\/wordpress\/index.php?rest_route=\/wp\/v2\/pages\/13914","targetHints":{"allow":["GET"]}}],"collection":[{"href":"https:\/\/nmsgoellersdorf.ac.at\/wordpress\/index.php?rest_route=\/wp\/v2\/pages"}],"about":[{"href":"https:\/\/nmsgoellersdorf.ac.at\/wordpress\/index.php?rest_route=\/wp\/v2\/types\/page"}],"author":[{"embeddable":true,"href":"https:\/\/nmsgoellersdorf.ac.at\/wordpress\/index.php?rest_route=\/wp\/v2\/users\/1"}],"replies":[{"embeddable":true,"href":"https:\/\/nmsgoellersdorf.ac.at\/wordpress\/index.php?rest_route=%2Fwp%2Fv2%2Fcomments&post=13914"}],"version-history":[{"count":5,"href":"https:\/\/nmsgoellersdorf.ac.at\/wordpress\/index.php?rest_route=\/wp\/v2\/pages\/13914\/revisions"}],"predecessor-version":[{"id":13996,"href":"https:\/\/nmsgoellersdorf.ac.at\/wordpress\/index.php?rest_route=\/wp\/v2\/pages\/13914\/revisions\/13996"}],"up":[{"embeddable":true,"href":"https:\/\/nmsgoellersdorf.ac.at\/wordpress\/index.php?rest_route=\/wp\/v2\/pages\/13232"}],"wp:attachment":[{"href":"https:\/\/nmsgoellersdorf.ac.at\/wordpress\/index.php?rest_route=%2Fwp%2Fv2%2Fmedia&parent=13914"}],"curies":[{"name":"wp","href":"https:\/\/api.w.org\/{rel}","templated":true}]}}