{"id":13912,"date":"2023-06-26T14:13:45","date_gmt":"2023-06-26T14:13:45","guid":{"rendered":"https:\/\/nmsgoellersdorf.ac.at\/wordpress\/?page_id=13912"},"modified":"2023-06-26T14:46:16","modified_gmt":"2023-06-26T14:46:16","slug":"sprachwoche","status":"publish","type":"page","link":"https:\/\/nmsgoellersdorf.ac.at\/wordpress\/?page_id=13912","title":{"rendered":"Sprachwoche"},"content":{"rendered":"\n<p>Die 4. Klassen verbrachten eine aufregende Sprachwoche in Mariazell.\u00a0<br>Wir hatten das Gl\u00fcck, Native Speaker aus New York und Ohio bei uns zu haben. Sie begleiteten uns den ganzen Tag und halfen uns, unsere Sprachkenntnisse zu verbessern. Auch das Abendprogramm wurde von den Native Speakern betreut und abwechslungsreich gestaltet. Weiters gab es aufregende Ausfl\u00fcge zur B\u00fcrgeralpe, zur &#8222;Pirker erLebzelterei&#8220; und zur Eibl Jet Sommerrodelbahn in T\u00fcrnitz. Zum Abschluss veranstalteten wir eine Abschiedsdisco. Es war eine unvergessliche Woche voller Spa\u00df und interkulturellem Austausch.<\/p>\n\n\n\nngg_shortcode_0_placeholder\n","protected":false},"excerpt":{"rendered":"<p>Die 4. Klassen verbrachten eine aufregende Sprachwoche in Mariazell.\u00a0Wir hatten das Gl\u00fcck, Native Speaker aus New York und Ohio bei uns zu haben. Sie begleiteten uns den ganzen Tag und halfen uns, unsere Sprachkenntnisse zu verbessern. Auch das Abendprogramm wurde von den Native Speakern betreut und abwechslungsreich gestaltet. Weiters gab es aufregende Ausfl\u00fcge zur B\u00fcrgeralpe, [&hellip;]<\/p>\n","protected":false},"author":1,"featured_media":0,"parent":13232,"menu_order":0,"comment_status":"closed","ping_status":"closed","template":"","meta":{"ngg_post_thumbnail":0,"footnotes":""},"class_list":["post-13912","page","type-page","status-publish","hentry"],"_links":{"self":[{"href":"https:\/\/nmsgoellersdorf.ac.at\/wordpress\/index.php?rest_route=\/wp\/v2\/pages\/13912","targetHints":{"allow":["GET"]}}],"collection":[{"href":"https:\/\/nmsgoellersdorf.ac.at\/wordpress\/index.php?rest_route=\/wp\/v2\/pages"}],"about":[{"href":"https:\/\/nmsgoellersdorf.ac.at\/wordpress\/index.php?rest_route=\/wp\/v2\/types\/page"}],"author":[{"embeddable":true,"href":"https:\/\/nmsgoellersdorf.ac.at\/wordpress\/index.php?rest_route=\/wp\/v2\/users\/1"}],"replies":[{"embeddable":true,"href":"https:\/\/nmsgoellersdorf.ac.at\/wordpress\/index.php?rest_route=%2Fwp%2Fv2%2Fcomments&post=13912"}],"version-history":[{"count":3,"href":"https:\/\/nmsgoellersdorf.ac.at\/wordpress\/index.php?rest_route=\/wp\/v2\/pages\/13912\/revisions"}],"predecessor-version":[{"id":13937,"href":"https:\/\/nmsgoellersdorf.ac.at\/wordpress\/index.php?rest_route=\/wp\/v2\/pages\/13912\/revisions\/13937"}],"up":[{"embeddable":true,"href":"https:\/\/nmsgoellersdorf.ac.at\/wordpress\/index.php?rest_route=\/wp\/v2\/pages\/13232"}],"wp:attachment":[{"href":"https:\/\/nmsgoellersdorf.ac.at\/wordpress\/index.php?rest_route=%2Fwp%2Fv2%2Fmedia&parent=13912"}],"curies":[{"name":"wp","href":"https:\/\/api.w.org\/{rel}","templated":true}]}}