{"id":13902,"date":"2023-06-21T14:46:21","date_gmt":"2023-06-21T14:46:21","guid":{"rendered":"https:\/\/nmsgoellersdorf.ac.at\/wordpress\/?page_id=13902"},"modified":"2023-06-21T14:51:21","modified_gmt":"2023-06-21T14:51:21","slug":"bo-guetesiegel-fuer-die-mms-goellersdorf","status":"publish","type":"page","link":"https:\/\/nmsgoellersdorf.ac.at\/wordpress\/?page_id=13902","title":{"rendered":"BO G\u00fctesiegel f\u00fcr die MMS G\u00f6llersdorf"},"content":{"rendered":"\n<p>Wir freuen uns sehr, dass uns auch heuer wieder das G\u00fctesiegel f\u00fcr Berufsorientierung von der Wirtschaftskammer N\u00d6 verliehen wurde.<br>Mit zahlreichen Aktionen zeigen wir unseren Sch\u00fclerinnen und Sch\u00fclern M\u00f6glichkeiten und Perspektiven f\u00fcr ihre Zukunft auf und begleiten sie so auf ihrem Weg zum Wunschberuf.<\/p>\n\n\n\n<figure class=\"wp-block-image size-large is-resized\"><img loading=\"lazy\" decoding=\"async\" src=\"https:\/\/nmsgoellersdorf.ac.at\/wordpress\/wp-content\/uploads\/2023\/06\/MicrosoftTeams-image-1-1024x683.jpg\" alt=\"\" class=\"wp-image-13904\" width=\"583\" height=\"388\" srcset=\"https:\/\/nmsgoellersdorf.ac.at\/wordpress\/wp-content\/uploads\/2023\/06\/MicrosoftTeams-image-1-1024x683.jpg 1024w, https:\/\/nmsgoellersdorf.ac.at\/wordpress\/wp-content\/uploads\/2023\/06\/MicrosoftTeams-image-1-300x200.jpg 300w, https:\/\/nmsgoellersdorf.ac.at\/wordpress\/wp-content\/uploads\/2023\/06\/MicrosoftTeams-image-1-768x512.jpg 768w, https:\/\/nmsgoellersdorf.ac.at\/wordpress\/wp-content\/uploads\/2023\/06\/MicrosoftTeams-image-1-1536x1024.jpg 1536w, https:\/\/nmsgoellersdorf.ac.at\/wordpress\/wp-content\/uploads\/2023\/06\/MicrosoftTeams-image-1-2048x1365.jpg 2048w, https:\/\/nmsgoellersdorf.ac.at\/wordpress\/wp-content\/uploads\/2023\/06\/MicrosoftTeams-image-1-624x416.jpg 624w\" sizes=\"auto, (max-width: 583px) 100vw, 583px\" \/><\/figure>\n\n\n\n<figure class=\"wp-block-image size-large is-resized\"><img loading=\"lazy\" decoding=\"async\" src=\"https:\/\/nmsgoellersdorf.ac.at\/wordpress\/wp-content\/uploads\/2023\/06\/MicrosoftTeams-image-933x1024.jpg\" alt=\"\" class=\"wp-image-13903\" width=\"404\" height=\"442\" srcset=\"https:\/\/nmsgoellersdorf.ac.at\/wordpress\/wp-content\/uploads\/2023\/06\/MicrosoftTeams-image-933x1024.jpg 933w, https:\/\/nmsgoellersdorf.ac.at\/wordpress\/wp-content\/uploads\/2023\/06\/MicrosoftTeams-image-273x300.jpg 273w, https:\/\/nmsgoellersdorf.ac.at\/wordpress\/wp-content\/uploads\/2023\/06\/MicrosoftTeams-image-768x843.jpg 768w, https:\/\/nmsgoellersdorf.ac.at\/wordpress\/wp-content\/uploads\/2023\/06\/MicrosoftTeams-image-624x685.jpg 624w\" sizes=\"auto, (max-width: 404px) 100vw, 404px\" \/><\/figure>\n","protected":false},"excerpt":{"rendered":"<p>Wir freuen uns sehr, dass uns auch heuer wieder das G\u00fctesiegel f\u00fcr Berufsorientierung von der Wirtschaftskammer N\u00d6 verliehen wurde.Mit zahlreichen Aktionen zeigen wir unseren Sch\u00fclerinnen und Sch\u00fclern M\u00f6glichkeiten und Perspektiven f\u00fcr ihre Zukunft auf und begleiten sie so auf ihrem Weg zum Wunschberuf.<\/p>\n","protected":false},"author":1,"featured_media":0,"parent":13232,"menu_order":0,"comment_status":"closed","ping_status":"closed","template":"","meta":{"ngg_post_thumbnail":0,"footnotes":""},"class_list":["post-13902","page","type-page","status-publish","hentry"],"_links":{"self":[{"href":"https:\/\/nmsgoellersdorf.ac.at\/wordpress\/index.php?rest_route=\/wp\/v2\/pages\/13902","targetHints":{"allow":["GET"]}}],"collection":[{"href":"https:\/\/nmsgoellersdorf.ac.at\/wordpress\/index.php?rest_route=\/wp\/v2\/pages"}],"about":[{"href":"https:\/\/nmsgoellersdorf.ac.at\/wordpress\/index.php?rest_route=\/wp\/v2\/types\/page"}],"author":[{"embeddable":true,"href":"https:\/\/nmsgoellersdorf.ac.at\/wordpress\/index.php?rest_route=\/wp\/v2\/users\/1"}],"replies":[{"embeddable":true,"href":"https:\/\/nmsgoellersdorf.ac.at\/wordpress\/index.php?rest_route=%2Fwp%2Fv2%2Fcomments&post=13902"}],"version-history":[{"count":2,"href":"https:\/\/nmsgoellersdorf.ac.at\/wordpress\/index.php?rest_route=\/wp\/v2\/pages\/13902\/revisions"}],"predecessor-version":[{"id":13911,"href":"https:\/\/nmsgoellersdorf.ac.at\/wordpress\/index.php?rest_route=\/wp\/v2\/pages\/13902\/revisions\/13911"}],"up":[{"embeddable":true,"href":"https:\/\/nmsgoellersdorf.ac.at\/wordpress\/index.php?rest_route=\/wp\/v2\/pages\/13232"}],"wp:attachment":[{"href":"https:\/\/nmsgoellersdorf.ac.at\/wordpress\/index.php?rest_route=%2Fwp%2Fv2%2Fmedia&parent=13902"}],"curies":[{"name":"wp","href":"https:\/\/api.w.org\/{rel}","templated":true}]}}