{"id":13824,"date":"2023-05-16T08:21:57","date_gmt":"2023-05-16T08:21:57","guid":{"rendered":"https:\/\/nmsgoellersdorf.ac.at\/wordpress\/?page_id=13824"},"modified":"2023-05-16T11:46:52","modified_gmt":"2023-05-16T11:46:52","slug":"vorspielabend","status":"publish","type":"page","link":"https:\/\/nmsgoellersdorf.ac.at\/wordpress\/?page_id=13824","title":{"rendered":"Vorspielabend"},"content":{"rendered":"\n<p>In der Aula unserer Schule fand am 15. Mai ein Vorspielabend der Sch\u00fclerinnen und Sch\u00fcler der Musikklassen statt. Die Instrumentalisten konnten ihr K\u00f6nnen auf ihren Instrumenten, die Sie entweder bei uns in der Schule oder in der Musikschule erlernen, unter Beweis stellen. Auch die Schulband performte schwungvolle Songs. <br>Mit der Chordarbietung &#8222;Love shine a light&#8220; verabschiedeten sich alle Sch\u00fclerinnen und Sch\u00fcler der Musikklassen.<br>Applaus, Applaus, &#8230;<\/p>\n\n\n\nngg_shortcode_0_placeholder\n","protected":false},"excerpt":{"rendered":"<p>In der Aula unserer Schule fand am 15. Mai ein Vorspielabend der Sch\u00fclerinnen und Sch\u00fcler der Musikklassen statt. Die Instrumentalisten konnten ihr K\u00f6nnen auf ihren Instrumenten, die Sie entweder bei uns in der Schule oder in der Musikschule erlernen, unter Beweis stellen. Auch die Schulband performte schwungvolle Songs. Mit der Chordarbietung &#8222;Love shine a light&#8220; [&hellip;]<\/p>\n","protected":false},"author":1,"featured_media":0,"parent":13232,"menu_order":0,"comment_status":"closed","ping_status":"closed","template":"","meta":{"ngg_post_thumbnail":0,"footnotes":""},"class_list":["post-13824","page","type-page","status-publish","hentry"],"_links":{"self":[{"href":"https:\/\/nmsgoellersdorf.ac.at\/wordpress\/index.php?rest_route=\/wp\/v2\/pages\/13824","targetHints":{"allow":["GET"]}}],"collection":[{"href":"https:\/\/nmsgoellersdorf.ac.at\/wordpress\/index.php?rest_route=\/wp\/v2\/pages"}],"about":[{"href":"https:\/\/nmsgoellersdorf.ac.at\/wordpress\/index.php?rest_route=\/wp\/v2\/types\/page"}],"author":[{"embeddable":true,"href":"https:\/\/nmsgoellersdorf.ac.at\/wordpress\/index.php?rest_route=\/wp\/v2\/users\/1"}],"replies":[{"embeddable":true,"href":"https:\/\/nmsgoellersdorf.ac.at\/wordpress\/index.php?rest_route=%2Fwp%2Fv2%2Fcomments&post=13824"}],"version-history":[{"count":5,"href":"https:\/\/nmsgoellersdorf.ac.at\/wordpress\/index.php?rest_route=\/wp\/v2\/pages\/13824\/revisions"}],"predecessor-version":[{"id":13862,"href":"https:\/\/nmsgoellersdorf.ac.at\/wordpress\/index.php?rest_route=\/wp\/v2\/pages\/13824\/revisions\/13862"}],"up":[{"embeddable":true,"href":"https:\/\/nmsgoellersdorf.ac.at\/wordpress\/index.php?rest_route=\/wp\/v2\/pages\/13232"}],"wp:attachment":[{"href":"https:\/\/nmsgoellersdorf.ac.at\/wordpress\/index.php?rest_route=%2Fwp%2Fv2%2Fmedia&parent=13824"}],"curies":[{"name":"wp","href":"https:\/\/api.w.org\/{rel}","templated":true}]}}