{"id":10575,"date":"2019-12-03T07:24:48","date_gmt":"2019-12-03T07:24:48","guid":{"rendered":"http:\/\/nmsgoellersdorf.ac.at\/wordpress\/?page_id=10575"},"modified":"2020-03-21T11:00:29","modified_gmt":"2020-03-21T11:00:29","slug":"gesunde-schule-vitalkueche","status":"publish","type":"page","link":"https:\/\/nmsgoellersdorf.ac.at\/wordpress\/?page_id=10575","title":{"rendered":"Gesunde Schule &#038; Vitalk\u00fcche"},"content":{"rendered":"<p>Im Rahmen der &#8222;tut gut&#8220; &#8211; Regionalgala wurde die NMS G\u00f6llersdorf offiziell ins Programm zur &#8222;Gesunden Schule&#8220; aufgenommen und das G\u00fctesiegel &#8222;Vitalk\u00fcche&#8220; wurde f\u00fcr weitere 2 Jahre verl\u00e4ngert.<\/p>\n<div id=\"attachment_11306\" style=\"width: 387px\" class=\"wp-caption alignleft\"><img loading=\"lazy\" decoding=\"async\" aria-describedby=\"caption-attachment-11306\" class=\" wp-image-11306\" src=\"https:\/\/nmsgoellersdorf.ac.at\/wordpress\/wp-content\/uploads\/2019\/12\/tut-gut-regionaltour.jpg\" alt=\"Photo by Klaus Ranger (www.klausranger.at)\" width=\"377\" height=\"251\" srcset=\"https:\/\/nmsgoellersdorf.ac.at\/wordpress\/wp-content\/uploads\/2019\/12\/tut-gut-regionaltour.jpg 1920w, https:\/\/nmsgoellersdorf.ac.at\/wordpress\/wp-content\/uploads\/2019\/12\/tut-gut-regionaltour-300x200.jpg 300w, https:\/\/nmsgoellersdorf.ac.at\/wordpress\/wp-content\/uploads\/2019\/12\/tut-gut-regionaltour-768x512.jpg 768w, https:\/\/nmsgoellersdorf.ac.at\/wordpress\/wp-content\/uploads\/2019\/12\/tut-gut-regionaltour-1024x683.jpg 1024w, https:\/\/nmsgoellersdorf.ac.at\/wordpress\/wp-content\/uploads\/2019\/12\/tut-gut-regionaltour-624x416.jpg 624w\" sizes=\"auto, (max-width: 377px) 100vw, 377px\" \/><p id=\"caption-attachment-11306\" class=\"wp-caption-text\">Photo by Klaus Ranger (www.klausranger.at)<\/p><\/div>\n","protected":false},"excerpt":{"rendered":"<p>Im Rahmen der &#8222;tut gut&#8220; &#8211; Regionalgala wurde die NMS G\u00f6llersdorf offiziell ins Programm zur &#8222;Gesunden Schule&#8220; aufgenommen und das G\u00fctesiegel &#8222;Vitalk\u00fcche&#8220; wurde f\u00fcr weitere 2 Jahre verl\u00e4ngert.<\/p>\n","protected":false},"author":1,"featured_media":0,"parent":26,"menu_order":0,"comment_status":"closed","ping_status":"closed","template":"","meta":{"ngg_post_thumbnail":0,"footnotes":""},"class_list":["post-10575","page","type-page","status-publish","hentry"],"_links":{"self":[{"href":"https:\/\/nmsgoellersdorf.ac.at\/wordpress\/index.php?rest_route=\/wp\/v2\/pages\/10575","targetHints":{"allow":["GET"]}}],"collection":[{"href":"https:\/\/nmsgoellersdorf.ac.at\/wordpress\/index.php?rest_route=\/wp\/v2\/pages"}],"about":[{"href":"https:\/\/nmsgoellersdorf.ac.at\/wordpress\/index.php?rest_route=\/wp\/v2\/types\/page"}],"author":[{"embeddable":true,"href":"https:\/\/nmsgoellersdorf.ac.at\/wordpress\/index.php?rest_route=\/wp\/v2\/users\/1"}],"replies":[{"embeddable":true,"href":"https:\/\/nmsgoellersdorf.ac.at\/wordpress\/index.php?rest_route=%2Fwp%2Fv2%2Fcomments&post=10575"}],"version-history":[{"count":3,"href":"https:\/\/nmsgoellersdorf.ac.at\/wordpress\/index.php?rest_route=\/wp\/v2\/pages\/10575\/revisions"}],"predecessor-version":[{"id":11309,"href":"https:\/\/nmsgoellersdorf.ac.at\/wordpress\/index.php?rest_route=\/wp\/v2\/pages\/10575\/revisions\/11309"}],"up":[{"embeddable":true,"href":"https:\/\/nmsgoellersdorf.ac.at\/wordpress\/index.php?rest_route=\/wp\/v2\/pages\/26"}],"wp:attachment":[{"href":"https:\/\/nmsgoellersdorf.ac.at\/wordpress\/index.php?rest_route=%2Fwp%2Fv2%2Fmedia&parent=10575"}],"curies":[{"name":"wp","href":"https:\/\/api.w.org\/{rel}","templated":true}]}}